{"id":410,"date":"2014-06-23T15:48:57","date_gmt":"2014-06-23T13:48:57","guid":{"rendered":"https:\/\/buddhist.tendirections.de\/accueil\/"},"modified":"2020-03-06T14:04:35","modified_gmt":"2020-03-06T12:04:35","slug":"accueil","status":"publish","type":"page","link":"https:\/\/buddhist.tendirections.de\/fr\/","title":{"rendered":"ACCUEIL"},"content":{"rendered":"<p><div class=\"fusion-fullwidth fullwidth-box fusion-builder-row-1 nonhundred-percent-fullwidth non-hundred-percent-height-scrolling\" style=\"--awb-border-radius-top-left:0px;--awb-border-radius-top-right:0px;--awb-border-radius-bottom-right:0px;--awb-border-radius-bottom-left:0px;--awb-margin-top:0.5%;--awb-flex-wrap:wrap;\" ><div class=\"fusion-builder-row fusion-row\"><div class=\"fusion-layout-column fusion_builder_column fusion-builder-column-0 fusion_builder_column_1_1 1_1 fusion-one-full fusion-column-first fusion-column-last\" style=\"--awb-bg-size:cover;\"><div class=\"fusion-column-wrapper fusion-column-has-shadow fusion-flex-column-wrapper-legacy\"><div class=\"fusion-image-element fusion-image-align-center in-legacy-container\" style=\"text-align:center;--awb-caption-title-font-family:var(--h2_typography-font-family);--awb-caption-title-font-weight:var(--h2_typography-font-weight);--awb-caption-title-font-style:var(--h2_typography-font-style);--awb-caption-title-size:var(--h2_typography-font-size);--awb-caption-title-transform:var(--h2_typography-text-transform);--awb-caption-title-line-height:var(--h2_typography-line-height);--awb-caption-title-letter-spacing:var(--h2_typography-letter-spacing);\"><div class=\"imageframe-align-center\"><span class=\" fusion-imageframe imageframe-none imageframe-1 hover-type-none\"><img decoding=\"async\" width=\"1372\" height=\"384\" alt=\"Voyages bouddhistes avec dix directions - moines priants\" title=\"Voyages bouddhistes &#8211; Moines priants\" src=\"https:\/\/buddhist.tendirections.de\/wp-content\/uploads\/sites\/4\/2019\/07\/buddhist-travel-praying-monks.jpg\" class=\"img-responsive wp-image-1214\" srcset=\"https:\/\/buddhist.tendirections.de\/wp-content\/uploads\/sites\/4\/2019\/07\/buddhist-travel-praying-monks-200x56.jpg 200w, https:\/\/buddhist.tendirections.de\/wp-content\/uploads\/sites\/4\/2019\/07\/buddhist-travel-praying-monks-400x112.jpg 400w, https:\/\/buddhist.tendirections.de\/wp-content\/uploads\/sites\/4\/2019\/07\/buddhist-travel-praying-monks-600x168.jpg 600w, https:\/\/buddhist.tendirections.de\/wp-content\/uploads\/sites\/4\/2019\/07\/buddhist-travel-praying-monks-800x224.jpg 800w, https:\/\/buddhist.tendirections.de\/wp-content\/uploads\/sites\/4\/2019\/07\/buddhist-travel-praying-monks-1200x336.jpg 1200w, https:\/\/buddhist.tendirections.de\/wp-content\/uploads\/sites\/4\/2019\/07\/buddhist-travel-praying-monks.jpg 1372w\" sizes=\"(max-width: 800px) 100vw, 1200px\" \/><\/span><\/div><\/div><div class=\"fusion-title title fusion-title-1 fusion-sep-none fusion-title-text fusion-title-size-one\" style=\"--awb-margin-top:3%;--awb-margin-top-small:0px;\"><h1 class=\"fusion-title-heading title-heading-left\" style=\"margin:0;\">Voyages bouddhistes avec Ten Directions &#8211; moines priants<\/h1><\/div><div class=\"fusion-text fusion-text-1\"><p>Que ce soit pour les d\u00e9butants int\u00e9ress\u00e9s ou les yogis accomplis, en groupe ou individuellement, nous organisons depuis de nombreuses ann\u00e9es des voyages bouddhistes dans des lieux sacr\u00e9s.<\/p>\n<p>Planifions ensemble votre prochain voyage bouddhiste. <a href=\"https:\/\/buddhist.tendirections.de\/fr\/contact\/\">Envoyez nous une demande.<\/a><\/p>\n<\/div><div class=\"fusion-clearfix\"><\/div><\/div><\/div><\/div><\/div><div class=\"fusion-fullwidth fullwidth-box fusion-builder-row-2 fusion-parallax-none nonhundred-percent-fullwidth non-hundred-percent-height-scrolling\" style=\"--awb-border-radius-top-left:0px;--awb-border-radius-top-right:0px;--awb-border-radius-bottom-right:0px;--awb-border-radius-bottom-left:0px;--awb-padding-top:10px;--awb-padding-right:10px;--awb-padding-bottom:10px;--awb-padding-left:10px;--awb-background-image:url(&quot;https:\/\/buddhist.tendirections.de\/wp-content\/uploads\/sites\/4\/2020\/02\/newsletter-bckgr2.jpg&quot;);--awb-background-size:cover;--awb-flex-wrap:wrap;\" ><div class=\"fusion-builder-row fusion-row\"><div class=\"fusion-layout-column fusion_builder_column fusion-builder-column-1 fusion_builder_column_1_1 1_1 fusion-one-full fusion-column-first fusion-column-last\" style=\"--awb-bg-size:cover;\"><div class=\"fusion-column-wrapper fusion-column-has-shadow fusion-flex-column-wrapper-legacy\"><div class=\"fusion-text fusion-text-2\"><h3>Nous vous tenons au courant<\/h3>\n<p>Ou inscrivez-vous \u00e0 notre newsletter pour recevoir des nouvelles de nos voyages, comme Sharminub Guru Yoga retraite avec Jigme Rinpoch\u00e9 et Kagyu M\u00f6nlam.<\/p>\n<p><form method=\"post\" action=\"https:\/\/buddhist.tendirections.de\/wp-admin\/admin-ajax.php?action=tnp&amp;na=s\" class=\"tnp-subscription\" style=\"\">\n<input type=\"hidden\" name=\"nlang\" value=\"fr\">\n\n<div class=\"tnp-field tnp-field-firstname\"><label for=\"tnp-1\">Votre nom<\/label>\n<input class=\"tnp-name\" type=\"text\" name=\"nn\" id=\"tnp-1\" value=\"\" placeholder=\"\"><\/div>\n\n<div class=\"tnp-field tnp-field-email\"><label for=\"tnp-2\">E-Mail<\/label>\n<input class=\"tnp-email\" type=\"email\" name=\"ne\" id=\"tnp-2\" value=\"\" placeholder=\"\" required><\/div>\n<\/p>\n<p>Sprache<\/p>\n<p>__________________________________<\/p>\n<div class=\"tnp-field tnp-field-checkbox tnp-field-privacy\"><input type=\"checkbox\" name=\"ny\" required class=\"tnp-privacy\" id=\"tnp-4\"> <label for=\"tnp-4\"><a target=\"_blank\" href=\"https:\/\/www.tendirections.de\/impressum\/\">Subscribing I accept the privacy rules of this site<\/a><\/label><\/div>\n<pre><div class=\"tnp-field tnp-field-button\" style=\"text-align: left\"><input class=\"tnp-submit\" type=\"submit\" value=\"Abonnez-vous\" style=\"\">\n<\/div>\n<\/form><\/pre>\n<\/div><div class=\"fusion-clearfix\"><\/div><\/div><\/div><\/div><\/div><div class=\"fusion-fullwidth fullwidth-box fusion-builder-row-3 nonhundred-percent-fullwidth non-hundred-percent-height-scrolling\" style=\"--awb-border-radius-top-left:0px;--awb-border-radius-top-right:0px;--awb-border-radius-bottom-right:0px;--awb-border-radius-bottom-left:0px;--awb-margin-top:10%;--awb-flex-wrap:wrap;\" ><div class=\"fusion-builder-row fusion-row\"><div class=\"fusion-layout-column fusion_builder_column fusion-builder-column-2 fusion_builder_column_1_1 1_1 fusion-one-full fusion-column-first fusion-column-last\" style=\"--awb-bg-size:cover;\"><div class=\"fusion-column-wrapper fusion-column-has-shadow fusion-flex-column-wrapper-legacy\"><div class=\"fusion-title title fusion-title-2 fusion-sep-none fusion-title-text fusion-title-size-two\" style=\"--awb-margin-top:0px;--awb-margin-top-small:0px;\"><h2 class=\"fusion-title-heading title-heading-left\" style=\"margin:0;\">CE QUE NOS CLIENTS DISENT<\/h2><\/div><div class=\"fusion-testimonials classic awb-speech-bubble-show fusion-testimonials-1\" style=\"--awb-textcolor:#747474;--awb-backgroundcolor:#f6f3f3;--awb-testimonial-border-style:solid;--awb-testimonial-border-color:var(--awb-color3);--awb-border-top-left-radius:0px;--awb-border-top-right-radius:0px;--awb-border-bottom-left-radius:0px;--awb-border-bottom-right-radius:0px;--testimonial-border-width-top:0px;--testimonial-border-width-right:0px;--testimonial-border-width-bottom:0px;--testimonial-border-width-left:0px;\" data-random=\"0\" data-speed=\"4000\"><div class=\"reviews\"><div class=\"review active-testimonial no-avatar\"><blockquote><div class=\"awb-quote\"><div class=\"awb-quote-content\">\n<p>J&rsquo;ai beaucoup aim\u00e9 le voyage 2014 en Inde, au N\u00e9pal et au Bhoutan. C&rsquo;\u00e9tait bien organis\u00e9, bien pr\u00e9par\u00e9, et tous les endroits \u00e9taient tr\u00e8s bien choisis. Les guides \u00e9taient tr\u00e8s amicaux et \u00e0 l&rsquo;\u00e9coute de tout le monde. La pr\u00e9sence de Jigme Rinpoch\u00e9 dans notre vie quotidienne \u00e9tait particuli\u00e8rement inspirante, pr\u00e9cieuse et parfois surprenante. J&rsquo;ai rencontr\u00e9 des gens \u00ab\u00a0inhabituels\u00a0\u00bb.<\/p>\n<\/div><\/div><span class=\"awb-triangle\"><\/span><\/blockquote><div class=\"author\"><span class=\"company-name\"><strong>Maryse Lejeune<\/strong><span>, <\/span><span>France<\/span><\/span><\/div><\/div><div class=\"review no-avatar\"><blockquote><div class=\"awb-quote\"><div class=\"awb-quote-content\">\n<p>Nous avons fait un merveilleux voyage dans l&rsquo;Empire du Milieu avec des curiosit\u00e9s surprenantes et bien connues. Le voyage \u00e9tait parfaitement organis\u00e9 par Ten Directions. Tout s&rsquo;est tr\u00e8s bien pass\u00e9 et les souhaits particuliers ont \u00e9t\u00e9 exauc\u00e9s si possible. Ainhoa Camara est un excellent guide et organisateur. Encore et encore avec plaisir !<\/p>\n<\/div><\/div><span class=\"awb-triangle\"><\/span><\/blockquote><div class=\"author\"><span class=\"company-name\"><strong>Sabine Teuber<\/strong><span>, <\/span><span>Allemagne<\/span><\/span><\/div><\/div><div class=\"review no-avatar\"><blockquote><div class=\"awb-quote\"><div class=\"awb-quote-content\">\n<p>Une \u00e9quipe tr\u00e8s d\u00e9vou\u00e9e qui conna\u00eet son m\u00e9tier et qui a une r\u00e9ponse \u00e0 toutes les questions, quelque soit leur sp\u00e9cificit\u00e9.<\/p>\n<\/div><\/div><span class=\"awb-triangle\"><\/span><\/blockquote><div class=\"author\"><span class=\"company-name\"><strong>Birgit Krueger<\/strong><span>, <\/span><span>Allemagne<\/span><\/span><\/div><\/div><div class=\"review no-avatar\"><blockquote><div class=\"awb-quote\"><div class=\"awb-quote-content\">\n<p>Je tiens \u00e0 vous remercier pour votre aide dans la planification de votre voyage. C&rsquo;\u00e9tait merveilleux. Meilleures salutations et merci beaucoup !<\/p>\n<\/div><\/div><span class=\"awb-triangle\"><\/span><\/blockquote><div class=\"author\"><span class=\"company-name\"><strong>Camilla<\/strong><span>, <\/span><span>Allemagne<\/span><\/span><\/div><\/div><div class=\"review no-avatar\"><blockquote><div class=\"awb-quote\"><div class=\"awb-quote-content\">\n<p>Ten Directions a rendu notre voyage \u00e0 Katmandou possible et nous a tr\u00e8s bien soutenus avant et pendant notre voyage !<\/p>\n<p>Gr\u00e2ce \u00e0 leur excellent service, nous avons eu un voyage tr\u00e8s calme et un s\u00e9jour merveilleux et avons pu profiter de nombreux lieux saints et \u00e9v\u00e9nements, ce qui signifiait beaucoup pour nous !<\/p>\n<p>Merci, Ten Directions !<\/p>\n<\/div><\/div><span class=\"awb-triangle\"><\/span><\/blockquote><div class=\"author\"><span class=\"company-name\"><strong>Robert Polly<\/strong><span>, <\/span><span>Allemagne<\/span><\/span><\/div><\/div><\/div><div class=\"testimonial-pagination\" id=\"fusion-testimonials-1\"><a href=\"#\" aria-label=\"Testimonial Pagination\"  class=\"activeSlide\"><\/a><a href=\"#\" aria-label=\"Testimonial Pagination\" ><\/a><a href=\"#\" aria-label=\"Testimonial Pagination\" ><\/a><a href=\"#\" aria-label=\"Testimonial Pagination\" ><\/a><a href=\"#\" aria-label=\"Testimonial Pagination\" ><\/a><\/div><\/div><div class=\"fusion-clearfix\"><\/div><\/div><\/div><\/div><\/div><\/p>\n","protected":false},"excerpt":{"rendered":"","protected":false},"author":6,"featured_media":0,"parent":0,"menu_order":1,"comment_status":"closed","ping_status":"closed","template":"100-width.php","meta":[],"yoast_head":"<!-- This site is optimized with the Yoast SEO Premium plugin v20.6 (Yoast SEO v20.7) - https:\/\/yoast.com\/wordpress\/plugins\/seo\/ -->\n<title>Voyages bouddhistes - Ten Directions GmbH<\/title>\n<meta name=\"description\" content=\"Les bouddhistes voyagent et se retirent dans des endroits passionnants, uniques et merveilleux.\" \/>\n<meta name=\"robots\" content=\"index, follow, max-snippet:-1, max-image-preview:large, max-video-preview:-1\" \/>\n<link rel=\"canonical\" href=\"https:\/\/buddhist.tendirections.de\/fr\/\" \/>\n<meta property=\"og:locale\" content=\"fr_FR\" \/>\n<meta property=\"og:type\" content=\"article\" \/>\n<meta property=\"og:title\" content=\"ACCUEIL\" \/>\n<meta property=\"og:description\" content=\"Les bouddhistes voyagent et se retirent dans des endroits passionnants, uniques et merveilleux.\" \/>\n<meta property=\"og:url\" content=\"https:\/\/buddhist.tendirections.de\/fr\/\" \/>\n<meta property=\"og:site_name\" content=\"Buddhist Travel - Ten Directions GmbH\" \/>\n<meta property=\"article:modified_time\" content=\"2020-03-06T12:04:35+00:00\" \/>\n<meta name=\"twitter:card\" content=\"summary_large_image\" \/>\n<meta name=\"twitter:label1\" content=\"Dur\u00e9e de lecture estim\u00e9e\" \/>\n\t<meta name=\"twitter:data1\" content=\"7 minutes\" \/>\n<script type=\"application\/ld+json\" class=\"yoast-schema-graph\">{\"@context\":\"https:\/\/schema.org\",\"@graph\":[{\"@type\":\"WebPage\",\"@id\":\"https:\/\/buddhist.tendirections.de\/fr\/\",\"url\":\"https:\/\/buddhist.tendirections.de\/fr\/\",\"name\":\"Voyages bouddhistes - Ten Directions GmbH\",\"isPartOf\":{\"@id\":\"https:\/\/buddhist.tendirections.de\/fr\/#website\"},\"datePublished\":\"2014-06-23T13:48:57+00:00\",\"dateModified\":\"2020-03-06T12:04:35+00:00\",\"description\":\"Les bouddhistes voyagent et se retirent dans des endroits passionnants, uniques et merveilleux.\",\"breadcrumb\":{\"@id\":\"https:\/\/buddhist.tendirections.de\/fr\/#breadcrumb\"},\"inLanguage\":\"fr-FR\",\"potentialAction\":[{\"@type\":\"ReadAction\",\"target\":[\"https:\/\/buddhist.tendirections.de\/fr\/\"]}]},{\"@type\":\"BreadcrumbList\",\"@id\":\"https:\/\/buddhist.tendirections.de\/fr\/#breadcrumb\",\"itemListElement\":[{\"@type\":\"ListItem\",\"position\":1,\"name\":\"Home\",\"item\":\"https:\/\/buddhist.tendirections.de\/fr\/\"},{\"@type\":\"ListItem\",\"position\":2,\"name\":\"ACCUEIL\"}]},{\"@type\":\"WebSite\",\"@id\":\"https:\/\/buddhist.tendirections.de\/fr\/#website\",\"url\":\"https:\/\/buddhist.tendirections.de\/fr\/\",\"name\":\"Buddhist Travel - Ten Directions GmbH\",\"description\":\"powered by Ten Directions GmbH\",\"potentialAction\":[{\"@type\":\"SearchAction\",\"target\":{\"@type\":\"EntryPoint\",\"urlTemplate\":\"https:\/\/buddhist.tendirections.de\/fr\/?s={search_term_string}\"},\"query-input\":\"required name=search_term_string\"}],\"inLanguage\":\"fr-FR\"}]}<\/script>\n<!-- \/ Yoast SEO Premium plugin. -->","yoast_head_json":{"title":"Voyages bouddhistes - Ten Directions GmbH","description":"Les bouddhistes voyagent et se retirent dans des endroits passionnants, uniques et merveilleux.","robots":{"index":"index","follow":"follow","max-snippet":"max-snippet:-1","max-image-preview":"max-image-preview:large","max-video-preview":"max-video-preview:-1"},"canonical":"https:\/\/buddhist.tendirections.de\/fr\/","og_locale":"fr_FR","og_type":"article","og_title":"ACCUEIL","og_description":"Les bouddhistes voyagent et se retirent dans des endroits passionnants, uniques et merveilleux.","og_url":"https:\/\/buddhist.tendirections.de\/fr\/","og_site_name":"Buddhist Travel - Ten Directions GmbH","article_modified_time":"2020-03-06T12:04:35+00:00","twitter_card":"summary_large_image","twitter_misc":{"Dur\u00e9e de lecture estim\u00e9e":"7 minutes"},"schema":{"@context":"https:\/\/schema.org","@graph":[{"@type":"WebPage","@id":"https:\/\/buddhist.tendirections.de\/fr\/","url":"https:\/\/buddhist.tendirections.de\/fr\/","name":"Voyages bouddhistes - Ten Directions GmbH","isPartOf":{"@id":"https:\/\/buddhist.tendirections.de\/fr\/#website"},"datePublished":"2014-06-23T13:48:57+00:00","dateModified":"2020-03-06T12:04:35+00:00","description":"Les bouddhistes voyagent et se retirent dans des endroits passionnants, uniques et merveilleux.","breadcrumb":{"@id":"https:\/\/buddhist.tendirections.de\/fr\/#breadcrumb"},"inLanguage":"fr-FR","potentialAction":[{"@type":"ReadAction","target":["https:\/\/buddhist.tendirections.de\/fr\/"]}]},{"@type":"BreadcrumbList","@id":"https:\/\/buddhist.tendirections.de\/fr\/#breadcrumb","itemListElement":[{"@type":"ListItem","position":1,"name":"Home","item":"https:\/\/buddhist.tendirections.de\/fr\/"},{"@type":"ListItem","position":2,"name":"ACCUEIL"}]},{"@type":"WebSite","@id":"https:\/\/buddhist.tendirections.de\/fr\/#website","url":"https:\/\/buddhist.tendirections.de\/fr\/","name":"Buddhist Travel - Ten Directions GmbH","description":"powered by Ten Directions GmbH","potentialAction":[{"@type":"SearchAction","target":{"@type":"EntryPoint","urlTemplate":"https:\/\/buddhist.tendirections.de\/fr\/?s={search_term_string}"},"query-input":"required name=search_term_string"}],"inLanguage":"fr-FR"}]}},"_links":{"self":[{"href":"https:\/\/buddhist.tendirections.de\/fr\/wp-json\/wp\/v2\/pages\/410"}],"collection":[{"href":"https:\/\/buddhist.tendirections.de\/fr\/wp-json\/wp\/v2\/pages"}],"about":[{"href":"https:\/\/buddhist.tendirections.de\/fr\/wp-json\/wp\/v2\/types\/page"}],"author":[{"embeddable":true,"href":"https:\/\/buddhist.tendirections.de\/fr\/wp-json\/wp\/v2\/users\/6"}],"replies":[{"embeddable":true,"href":"https:\/\/buddhist.tendirections.de\/fr\/wp-json\/wp\/v2\/comments?post=410"}],"version-history":[{"count":0,"href":"https:\/\/buddhist.tendirections.de\/fr\/wp-json\/wp\/v2\/pages\/410\/revisions"}],"wp:attachment":[{"href":"https:\/\/buddhist.tendirections.de\/fr\/wp-json\/wp\/v2\/media?parent=410"}],"curies":[{"name":"wp","href":"https:\/\/api.w.org\/{rel}","templated":true}]}}