{"id":436,"date":"2014-06-25T05:56:40","date_gmt":"2014-06-25T03:56:40","guid":{"rendered":"https:\/\/buddhist.tendirections.de\/a-propos-de-nous\/"},"modified":"2019-02-19T13:42:34","modified_gmt":"2019-02-19T11:42:34","slug":"a-propos-de-nous","status":"publish","type":"page","link":"https:\/\/buddhist.tendirections.de\/fr\/a-propos-de-nous\/","title":{"rendered":"A propos de nous"},"content":{"rendered":"<p><div class=\"fusion-fullwidth fullwidth-box fusion-builder-row-1 nonhundred-percent-fullwidth non-hundred-percent-height-scrolling\" style=\"--awb-border-radius-top-left:0px;--awb-border-radius-top-right:0px;--awb-border-radius-bottom-right:0px;--awb-border-radius-bottom-left:0px;--awb-flex-wrap:wrap;\" ><div class=\"fusion-builder-row fusion-row\"><div class=\"fusion-layout-column fusion_builder_column fusion-builder-column-0 fusion_builder_column_1_1 1_1 fusion-one-full fusion-column-first fusion-column-last\" style=\"--awb-bg-size:cover;\"><div class=\"fusion-column-wrapper fusion-flex-column-wrapper-legacy\"><div class=\"fusion-sep-clear\"><\/div><div class=\"fusion-separator fusion-full-width-sep\" style=\"margin-left: auto;margin-right: auto;margin-top:50px;margin-bottom:50px;width:100%;\"><\/div><div class=\"fusion-sep-clear\"><\/div><div class=\"fusion-clearfix\"><\/div><\/div><\/div><\/div><\/div><div class=\"fusion-fullwidth fullwidth-box fusion-builder-row-2 nonhundred-percent-fullwidth non-hundred-percent-height-scrolling\" style=\"--awb-border-radius-top-left:0px;--awb-border-radius-top-right:0px;--awb-border-radius-bottom-right:0px;--awb-border-radius-bottom-left:0px;--awb-background-color:rgba(0,0,0,0.55);--awb-flex-wrap:wrap;\" ><div class=\"fusion-builder-row fusion-row\"><div class=\"fusion-layout-column fusion_builder_column fusion-builder-column-1 fusion_builder_column_1_4 1_4 fusion-one-fourth fusion-column-first\" style=\"--awb-bg-size:cover;width:25%;width:calc(25% - ( ( 4% + 4% ) * 0.25 ) );margin-right: 4%;\"><div class=\"fusion-column-wrapper fusion-flex-column-wrapper-legacy\"><div class=\"fusion-sep-clear\"><\/div><div class=\"fusion-separator fusion-full-width-sep\" style=\"margin-left: auto;margin-right: auto;margin-top:50px;margin-bottom:50px;width:100%;\"><\/div><div class=\"fusion-sep-clear\"><\/div><div class=\"fusion-clearfix\"><\/div><\/div><\/div><div class=\"fusion-layout-column fusion_builder_column fusion-builder-column-2 fusion_builder_column_1_3 1_3 fusion-one-third\" style=\"--awb-bg-size:cover;--awb-margin-bottom:0px;width:33.333333333333%;width:calc(33.333333333333% - ( ( 4% + 4% ) * 0.33333333333333 ) );margin-right: 4%;\"><div class=\"fusion-column-wrapper fusion-flex-column-wrapper-legacy\"><div class=\"fusion-sep-clear\"><\/div><div class=\"fusion-separator fusion-full-width-sep\" style=\"margin-left: auto;margin-right: auto;margin-top:50px;margin-bottom:50px;width:100%;\"><\/div><div class=\"fusion-sep-clear\"><\/div><div class=\"fusion-text fusion-text-1\"><p><span style=\"color: #ffffff;\">Nous sommes Ten Directions GmbH d&rsquo;Allemagne, l&rsquo;agence de voyage en Europe, fond\u00e9e pour le 14\u00e8me Kunzig Shamar Rinpoche. Vous pourriez peut-\u00eatre nous conna\u00eetre \u00e0 partir de 2014, alors, \u00e0 l&rsquo;\u00e9poque, nous avons organis\u00e9 les voyages pour la c\u00e9r\u00e9monie de cr\u00e9mation de Rinpoche \u00e0 Shar Minub, Katmandou.<\/span><\/p>\n<p><span style=\"color: #ffffff;\">La soci\u00e9t\u00e9 est \u00e9tablie quelques jours avant le d\u00e9c\u00e8s de Rinpoch\u00e9, donc nous sommes une jeune entreprise. Notre objectif est de cr\u00e9er des emplois pour les personnes dans les activit\u00e9s du Dharma et d&rsquo;amener les gens \u00e0 se connecter au Dharma.<\/span><\/p>\n<p><span style=\"color: #ffffff;\">Dans le cas o\u00f9 vous auriez besoin de services, nous essaierions d&rsquo;amener ceux qui consacrent leurs vies \u00e0 des activit\u00e9s de Dharma, comme la pr\u00e9paration de retraites \u00e0 long terme ou les activit\u00e9s dans les centres, pour \u00eatre \u00e0 votre service. Ces services et ces programmes pourraient \u00eatre: des enseignements suppl\u00e9mentaires du Lama et des retraites de courte dur\u00e9e dans les centres de Dharma, les guides touristiques, les m\u00e9nages, les cuisiniers, les conducteurs, les traducteurs, les assistants sur place ou tout autre type de soutien que vous pourriez demander.<\/span><\/p>\n<p><span style=\"color: #ffffff;\">Cordialement,<\/span><\/p>\n<p><span style=\"color: #ffffff;\">L&rsquo;\u00e9quipe de votre \u00e9quipe Ten Directions.<\/span><\/p>\n<\/div><div class=\"fusion-clearfix\"><\/div><\/div><\/div><div class=\"fusion-layout-column fusion_builder_column fusion-builder-column-3 fusion_builder_column_1_3 1_3 fusion-one-third fusion-column-last\" style=\"--awb-bg-size:cover;width:33.333333333333%;width:calc(33.333333333333% - ( ( 4% + 4% ) * 0.33333333333333 ) );\"><div class=\"fusion-column-wrapper fusion-flex-column-wrapper-legacy\"><div class=\"fusion-sep-clear\"><\/div><div class=\"fusion-separator fusion-full-width-sep\" style=\"margin-left: auto;margin-right: auto;margin-top:50px;margin-bottom:50px;width:100%;\"><\/div><div class=\"fusion-sep-clear\"><\/div><div class=\"fusion-title title fusion-title-1 fusion-sep-none fusion-title-text fusion-title-size-one\" style=\"--awb-margin-top:0px;--awb-margin-top-small:0px;\"><h1 class=\"fusion-title-heading title-heading-left\" style=\"margin:0;\"><span style=\"color: #ffffff;\">\u00e0 propos de nous<\/span><\/h1><\/div><div class=\"fusion-clearfix\"><\/div><\/div><\/div><\/div><\/div><div class=\"fusion-fullwidth fullwidth-box fusion-builder-row-3 nonhundred-percent-fullwidth non-hundred-percent-height-scrolling\" style=\"--awb-border-radius-top-left:0px;--awb-border-radius-top-right:0px;--awb-border-radius-bottom-right:0px;--awb-border-radius-bottom-left:0px;--awb-flex-wrap:wrap;\" ><div class=\"fusion-builder-row fusion-row\"><div class=\"fusion-layout-column fusion_builder_column fusion-builder-column-4 fusion_builder_column_1_1 1_1 fusion-one-full fusion-column-first fusion-column-last\" style=\"--awb-bg-size:cover;\"><div class=\"fusion-column-wrapper fusion-flex-column-wrapper-legacy\"><div class=\"fusion-sep-clear\"><\/div><div class=\"fusion-separator fusion-full-width-sep\" style=\"margin-left: auto;margin-right: auto;margin-top:100px;margin-bottom:100px;width:100%;\"><\/div><div class=\"fusion-sep-clear\"><\/div><div class=\"fusion-clearfix\"><\/div><\/div><\/div><\/div><\/div><\/p>\n","protected":false},"excerpt":{"rendered":"","protected":false},"author":6,"featured_media":328,"parent":0,"menu_order":3,"comment_status":"closed","ping_status":"closed","template":"100-width.php","meta":[],"yoast_head":"<!-- This site is optimized with the Yoast SEO Premium plugin v20.6 (Yoast SEO v20.7) - https:\/\/yoast.com\/wordpress\/plugins\/seo\/ -->\n<title>A propos de nous - Buddhist Travel - Ten Directions GmbH<\/title>\n<meta name=\"robots\" content=\"index, follow, max-snippet:-1, max-image-preview:large, max-video-preview:-1\" \/>\n<link rel=\"canonical\" href=\"https:\/\/buddhist.tendirections.de\/fr\/a-propos-de-nous\/\" \/>\n<meta property=\"og:locale\" content=\"fr_FR\" \/>\n<meta property=\"og:type\" content=\"article\" \/>\n<meta property=\"og:title\" content=\"A propos de nous\" \/>\n<meta property=\"og:url\" content=\"https:\/\/buddhist.tendirections.de\/fr\/a-propos-de-nous\/\" \/>\n<meta property=\"og:site_name\" content=\"Buddhist Travel - Ten Directions GmbH\" \/>\n<meta property=\"article:modified_time\" content=\"2019-02-19T11:42:34+00:00\" \/>\n<meta property=\"og:image\" content=\"https:\/\/buddhist.tendirections.de\/wp-content\/uploads\/sites\/4\/2017\/05\/Sabine-8-1024x768.jpg\" \/>\n\t<meta property=\"og:image:width\" content=\"1024\" \/>\n\t<meta property=\"og:image:height\" content=\"768\" \/>\n\t<meta property=\"og:image:type\" content=\"image\/jpeg\" \/>\n<meta name=\"twitter:card\" content=\"summary_large_image\" \/>\n<meta name=\"twitter:label1\" content=\"Dur\u00e9e de lecture estim\u00e9e\" \/>\n\t<meta name=\"twitter:data1\" content=\"5 minutes\" \/>\n<script type=\"application\/ld+json\" class=\"yoast-schema-graph\">{\"@context\":\"https:\/\/schema.org\",\"@graph\":[{\"@type\":\"WebPage\",\"@id\":\"https:\/\/buddhist.tendirections.de\/fr\/a-propos-de-nous\/\",\"url\":\"https:\/\/buddhist.tendirections.de\/fr\/a-propos-de-nous\/\",\"name\":\"A propos de nous - Buddhist Travel - Ten Directions GmbH\",\"isPartOf\":{\"@id\":\"https:\/\/buddhist.tendirections.de\/fr\/#website\"},\"datePublished\":\"2014-06-25T03:56:40+00:00\",\"dateModified\":\"2019-02-19T11:42:34+00:00\",\"breadcrumb\":{\"@id\":\"https:\/\/buddhist.tendirections.de\/fr\/a-propos-de-nous\/#breadcrumb\"},\"inLanguage\":\"fr-FR\",\"potentialAction\":[{\"@type\":\"ReadAction\",\"target\":[\"https:\/\/buddhist.tendirections.de\/fr\/a-propos-de-nous\/\"]}]},{\"@type\":\"BreadcrumbList\",\"@id\":\"https:\/\/buddhist.tendirections.de\/fr\/a-propos-de-nous\/#breadcrumb\",\"itemListElement\":[{\"@type\":\"ListItem\",\"position\":1,\"name\":\"Home\",\"item\":\"https:\/\/buddhist.tendirections.de\/fr\/\"},{\"@type\":\"ListItem\",\"position\":2,\"name\":\"A propos de nous\"}]},{\"@type\":\"WebSite\",\"@id\":\"https:\/\/buddhist.tendirections.de\/fr\/#website\",\"url\":\"https:\/\/buddhist.tendirections.de\/fr\/\",\"name\":\"Buddhist Travel - Ten Directions GmbH\",\"description\":\"powered by Ten Directions GmbH\",\"potentialAction\":[{\"@type\":\"SearchAction\",\"target\":{\"@type\":\"EntryPoint\",\"urlTemplate\":\"https:\/\/buddhist.tendirections.de\/fr\/?s={search_term_string}\"},\"query-input\":\"required name=search_term_string\"}],\"inLanguage\":\"fr-FR\"}]}<\/script>\n<!-- \/ Yoast SEO Premium plugin. -->","yoast_head_json":{"title":"A propos de nous - Buddhist Travel - Ten Directions GmbH","robots":{"index":"index","follow":"follow","max-snippet":"max-snippet:-1","max-image-preview":"max-image-preview:large","max-video-preview":"max-video-preview:-1"},"canonical":"https:\/\/buddhist.tendirections.de\/fr\/a-propos-de-nous\/","og_locale":"fr_FR","og_type":"article","og_title":"A propos de nous","og_url":"https:\/\/buddhist.tendirections.de\/fr\/a-propos-de-nous\/","og_site_name":"Buddhist Travel - Ten Directions GmbH","article_modified_time":"2019-02-19T11:42:34+00:00","og_image":[{"width":1024,"height":768,"url":"https:\/\/buddhist.tendirections.de\/wp-content\/uploads\/sites\/4\/2017\/05\/Sabine-8-1024x768.jpg","type":"image\/jpeg"}],"twitter_card":"summary_large_image","twitter_misc":{"Dur\u00e9e de lecture estim\u00e9e":"5 minutes"},"schema":{"@context":"https:\/\/schema.org","@graph":[{"@type":"WebPage","@id":"https:\/\/buddhist.tendirections.de\/fr\/a-propos-de-nous\/","url":"https:\/\/buddhist.tendirections.de\/fr\/a-propos-de-nous\/","name":"A propos de nous - Buddhist Travel - Ten Directions GmbH","isPartOf":{"@id":"https:\/\/buddhist.tendirections.de\/fr\/#website"},"datePublished":"2014-06-25T03:56:40+00:00","dateModified":"2019-02-19T11:42:34+00:00","breadcrumb":{"@id":"https:\/\/buddhist.tendirections.de\/fr\/a-propos-de-nous\/#breadcrumb"},"inLanguage":"fr-FR","potentialAction":[{"@type":"ReadAction","target":["https:\/\/buddhist.tendirections.de\/fr\/a-propos-de-nous\/"]}]},{"@type":"BreadcrumbList","@id":"https:\/\/buddhist.tendirections.de\/fr\/a-propos-de-nous\/#breadcrumb","itemListElement":[{"@type":"ListItem","position":1,"name":"Home","item":"https:\/\/buddhist.tendirections.de\/fr\/"},{"@type":"ListItem","position":2,"name":"A propos de nous"}]},{"@type":"WebSite","@id":"https:\/\/buddhist.tendirections.de\/fr\/#website","url":"https:\/\/buddhist.tendirections.de\/fr\/","name":"Buddhist Travel - Ten Directions GmbH","description":"powered by Ten Directions GmbH","potentialAction":[{"@type":"SearchAction","target":{"@type":"EntryPoint","urlTemplate":"https:\/\/buddhist.tendirections.de\/fr\/?s={search_term_string}"},"query-input":"required name=search_term_string"}],"inLanguage":"fr-FR"}]}},"_links":{"self":[{"href":"https:\/\/buddhist.tendirections.de\/fr\/wp-json\/wp\/v2\/pages\/436"}],"collection":[{"href":"https:\/\/buddhist.tendirections.de\/fr\/wp-json\/wp\/v2\/pages"}],"about":[{"href":"https:\/\/buddhist.tendirections.de\/fr\/wp-json\/wp\/v2\/types\/page"}],"author":[{"embeddable":true,"href":"https:\/\/buddhist.tendirections.de\/fr\/wp-json\/wp\/v2\/users\/6"}],"replies":[{"embeddable":true,"href":"https:\/\/buddhist.tendirections.de\/fr\/wp-json\/wp\/v2\/comments?post=436"}],"version-history":[{"count":0,"href":"https:\/\/buddhist.tendirections.de\/fr\/wp-json\/wp\/v2\/pages\/436\/revisions"}],"wp:featuredmedia":[{"embeddable":true,"href":"https:\/\/buddhist.tendirections.de\/fr\/wp-json\/wp\/v2\/media\/328"}],"wp:attachment":[{"href":"https:\/\/buddhist.tendirections.de\/fr\/wp-json\/wp\/v2\/media?parent=436"}],"curies":[{"name":"wp","href":"https:\/\/api.w.org\/{rel}","templated":true}]}}